{"id":13,"date":"2024-03-15T23:43:06","date_gmt":"2024-03-15T22:43:06","guid":{"rendered":"http:\/\/deckoda.cluster030.hosting.ovh.net\/?page_id=13"},"modified":"2024-03-29T10:00:26","modified_gmt":"2024-03-29T09:00:26","slug":"contact","status":"publish","type":"page","link":"https:\/\/aikido-montignylesmetz.fr\/index.php\/contact\/","title":{"rendered":"Contact"},"content":{"rendered":"<div class=\"wp-block-columns alignfull is-layout-flex wp-container-core-columns-is-layout-28f84493 wp-block-columns-is-layout-flex\"><\/div><div class=\"wp-block-columns container is-layout-flex wp-container-core-columns-is-layout-28f84493 wp-block-columns-is-layout-flex\"><div class=\"wp-block-column is-vertically-aligned-center is-layout-flow wp-block-column-is-layout-flow\"><h2 class=\"wp-block-heading hestia-title\">Nous contacter<\/h2>\n\n<div style=\"height:40px\" aria-hidden=\"true\" class=\"wp-block-spacer\"><\/div>\n\n<div class=\"wpforms-container wpforms-container-full wpforms-block wpforms-block-4cf4de29-98e6-4e69-a87d-6b6b61aaea5c\" id=\"wpforms-79\"><form id=\"wpforms-form-79\" class=\"wpforms-validate wpforms-form wpforms-ajax-form\" data-formid=\"79\" method=\"post\" enctype=\"multipart\/form-data\" action=\"\/index.php\/wp-json\/wp\/v2\/pages\/13\" data-token=\"28d73e88eafcbacde813dd7467616d58\" data-token-time=\"1775857389\"><noscript class=\"wpforms-error-noscript\">Veuillez activer JavaScript dans votre navigateur pour remplir ce formulaire.<\/noscript><div class=\"wpforms-field-container\"><div id=\"wpforms-79-field_1-container\" class=\"wpforms-field wpforms-field-name\" data-field-id=\"1\"><label class=\"wpforms-field-label\" for=\"wpforms-79-field_1\">Nom <span class=\"wpforms-required-label\">*<\/span><\/label><div class=\"wpforms-field-row wpforms-field-medium\"><div class=\"wpforms-field-row-block wpforms-first wpforms-one-half\"><input type=\"text\" id=\"wpforms-79-field_1\" class=\"wpforms-field-name-first wpforms-field-required\" name=\"wpforms[fields][1][first]\" required><label for=\"wpforms-79-field_1\" class=\"wpforms-field-sublabel after\">Pr\u00e9nom<\/label><\/div><div class=\"wpforms-field-row-block wpforms-one-half\"><input type=\"text\" id=\"wpforms-79-field_1-last\" class=\"wpforms-field-name-last wpforms-field-required\" name=\"wpforms[fields][1][last]\" required><label for=\"wpforms-79-field_1-last\" class=\"wpforms-field-sublabel after\">Nom<\/label><\/div><\/div><\/div><div id=\"wpforms-79-field_5-container\" class=\"wpforms-field wpforms-field-number\" data-field-id=\"5\"><label class=\"wpforms-field-label\" for=\"wpforms-79-field_5\">Age <span class=\"wpforms-required-label\">*<\/span><\/label><input type=\"number\" id=\"wpforms-79-field_5\" class=\"wpforms-field-medium wpforms-field-required\" name=\"wpforms[fields][5]\" required><\/div><div id=\"wpforms-79-field_2-container\" class=\"wpforms-field wpforms-field-email\" data-field-id=\"2\"><label class=\"wpforms-field-label\" for=\"wpforms-79-field_2\">E-mail <span class=\"wpforms-required-label\">*<\/span><\/label><input type=\"email\" id=\"wpforms-79-field_2\" class=\"wpforms-field-medium wpforms-field-required\" name=\"wpforms[fields][2]\" spellcheck=\"false\" required><\/div><div id=\"wpforms-79-field_3-container\" class=\"wpforms-field wpforms-field-text\" data-field-id=\"3\"><label class=\"wpforms-field-label\" for=\"wpforms-79-field_3\">N\u00b0 T\u00e9l\u00e9phone <span class=\"wpforms-required-label\">*<\/span><\/label><input type=\"text\" id=\"wpforms-79-field_3\" class=\"wpforms-field-medium wpforms-field-required\" name=\"wpforms[fields][3]\" required><\/div><div id=\"wpforms-79-field_4-container\" class=\"wpforms-field wpforms-field-select wpforms-field-select-style-classic\" data-field-id=\"4\"><label class=\"wpforms-field-label\" for=\"wpforms-79-field_4\">Quelles sont vos demandes? <span class=\"wpforms-required-label\">*<\/span><\/label><select id=\"wpforms-79-field_4\" class=\"wpforms-field-medium wpforms-field-required\" name=\"wpforms[fields][4]\" required=\"required\"><option value=\"Je souhaite participer \u00e0 un cours d&#039;essai gratuit\" >Je souhaite participer \u00e0 un cours d&#039;essai gratuit<\/option><option value=\"Je souhaite que mon enfant* participer \u00e0 un cours d&#039;essai gratuit\" >Je souhaite que mon enfant* participer \u00e0 un cours d&#039;essai gratuit<\/option><option value=\"Je souhaite \u00eatre recontact\u00e9 pour plus d&#039;information\" >Je souhaite \u00eatre recontact\u00e9 pour plus d&#039;information<\/option><option value=\"Je suis d\u00e9j\u00e0 aikidoka je souhaite venir \u00e0 un cours au dojo\" >Je suis d\u00e9j\u00e0 aikidoka je souhaite venir \u00e0 un cours au dojo<\/option><\/select><div class=\"wpforms-field-description\">*Pour le cours d&#8217;essai d&#8217;un enfant merci d&#8217;indiquer son nom, pr\u00e9nom et \u00e2ge en d\u00e9but de formulaire.<\/div><\/div><\/div><!-- .wpforms-field-container --><div class=\"wpforms-submit-container\" ><input type=\"hidden\" name=\"wpforms[id]\" value=\"79\"><input type=\"hidden\" name=\"page_title\" value=\"\"><input type=\"hidden\" name=\"page_url\" value=\"https:\/\/aikido-montignylesmetz.fr\/index.php\/wp-json\/wp\/v2\/pages\/13\"><button type=\"submit\" name=\"wpforms[submit]\" id=\"wpforms-submit-79\" class=\"wpforms-submit\" data-alt-text=\"Envoi...\" data-submit-text=\"Envoyer\" aria-live=\"assertive\" value=\"wpforms-submit\">Envoyer<\/button><img loading=\"lazy\" decoding=\"async\" src=\"https:\/\/aikido-montignylesmetz.fr\/wp-content\/plugins\/wpforms-lite\/assets\/images\/submit-spin.svg\" class=\"wpforms-submit-spinner\" style=\"display: none;\" width=\"26\" height=\"26\" alt=\"Chargement en cours\"><\/div><\/form><\/div>  <!-- .wpforms-container --><\/div>\n\n<div class=\"wp-block-column is-vertically-aligned-center is-layout-flow wp-block-column-is-layout-flow\"><div class=\"wp-block-columns is-layout-flex wp-container-core-columns-is-layout-28f84493 wp-block-columns-is-layout-flex\"><div class=\"wp-block-column is-layout-flow wp-block-column-is-layout-flow\"><\/div>\n\n<div class=\"wp-block-column is-layout-flow wp-block-column-is-layout-flow\" style=\"flex-basis:50%\"><h4 class=\"wp-block-heading has-text-align-left hestia-title has-text-color\" style=\"color:#3c4858;font-size:18px\"><img decoding=\"async\" class=\"wp-image-86\" style=\"width: 25px;\" src=\"http:\/\/deckoda.cluster030.hosting.ovh.net\/wp-content\/themes\/hestia\/assets\/img\/contact1.png\" alt=\"Map icon\">  <strong>Nous trouver<\/strong><\/h4>\n\n<p class=\"has-text-align-left has-text-color\" style=\"color:#999999;font-size:14px\"><a href=\"https:\/\/www.google.fr\/maps\/place\/A%C3%AFkido+CSAG+Metz+(Montigny-les-Metz)\/@49.0917094,6.1563462,17z\/data=!3m1!4b1!4m16!1m9!4m8!1m0!1m6!1m2!1s0x4794dd8626f137fd:0x7c170de5865f130!2sQuartier+Collin,+30+Rue+G%C3%A9n%C3%A9ral+Franiatte,+57950+Montigny-l%C3%A8s-Metz!2m2!1d6.1589265!2d49.0917059!3m5!1s0x4794dd8626f137fd:0x7c170de5865f130!8m2!3d49.0917059!4d6.1589265!16s%2Fg%2F11frmlp__p?entry=ttu\">Quartier Collin, 30 Rue G\u00e9n\u00e9ral Franiatte, 57950 Montigny-l\u00e8s-Metz<\/a><\/p>\n\n<div style=\"height:0px\" aria-hidden=\"true\" class=\"wp-block-spacer\"><\/div>\n\n<h4 class=\"wp-block-heading has-text-align-left hestia-title has-text-color\" style=\"color:#3c4858;font-size:18px\"><img decoding=\"async\" class=\"wp-image-98\" style=\"width: 25px;\" src=\"http:\/\/deckoda.cluster030.hosting.ovh.net\/wp-content\/themes\/hestia\/assets\/img\/contact2.png\" alt=\"\">  <strong><strong>Contacter l&#8217;enseignant<\/strong><\/strong><\/h4>\n\n<p class=\"has-text-align-left has-text-color\" style=\"color:#999999;font-size:14px\">Philippe Theis<br>+33 6 29 55 48 47<br>aikido@csagmetz57.fr<\/p>\n\n<div style=\"height:0px\" aria-hidden=\"true\" class=\"wp-block-spacer\"><\/div>\n\n<h4 class=\"wp-block-heading has-text-align-left hestia-title has-text-color\" style=\"color:#3c4858;font-size:18px\"><img decoding=\"async\" class=\"wp-image-105\" style=\"width: 25px;\" src=\"http:\/\/deckoda.cluster030.hosting.ovh.net\/wp-content\/themes\/hestia\/assets\/img\/contact3.png\" alt=\"\"><strong>  <\/strong>Nos Cours Hebdomadaires<\/h4>\n\n<p class=\"has-text-align-left has-text-color\" style=\"color:#999999;font-size:14px\">LUNDI<br>Armes 19h15 &#8211; 20h15<br>Aikido 20h15 &#8211; 21h30<br>MERCREDI<br>Aikido Enfants 18h &#8211; 19h<br>Aikido 19h15 &#8211; 21h<br>VENDREDI<br>Aikido 18h &#8211; 19h15<br>Armes 19h15 &#8211; 20h30<br>Pratique libre 20h30 &#8211; 22h<\/p><\/div>\n\n<div class=\"wp-block-column is-layout-flow wp-block-column-is-layout-flow\"><\/div><\/div><\/div><\/div><p><\/p>","protected":false},"excerpt":{"rendered":"<p>Nous contacter Nous trouver Quartier Collin, 30 Rue G\u00e9n\u00e9ral Franiatte, 57950 Montigny-l\u00e8s-Metz Contacter l&#8217;enseignant Philippe Theis+33 6 29 55 48 47aikido@csagmetz57.fr Nos Cours Hebdomadaires LUNDIArmes 19h15 &#8211; 20h15Aikido 20h15 &#8211; 21h30MERCREDIAikido Enfants 18h &#8211; 19hAikido 19h15 &#8211; 21hVENDREDIAikido 18h &#8211; 19h15Armes 19h15 &#8211; 20h30Pratique libre 20h30 &#8211; 22h<\/p>\n","protected":false},"author":1,"featured_media":21,"parent":0,"menu_order":0,"comment_status":"closed","ping_status":"closed","template":"page-templates\/template-pagebuilder-full-width.php","meta":{"om_disable_all_campaigns":false,"_monsterinsights_skip_tracking":false,"_monsterinsights_sitenote_active":false,"_monsterinsights_sitenote_note":"","_monsterinsights_sitenote_category":0,"_uf_show_specific_survey":0,"_uf_disable_surveys":false,"footnotes":""},"class_list":["post-13","page","type-page","status-publish","has-post-thumbnail","hentry"],"yoast_head":"<!-- This site is optimized with the Yoast SEO plugin v23.6 - https:\/\/yoast.com\/wordpress\/plugins\/seo\/ -->\n<title>Contact - Aikido CSAG Metz<\/title>\n<meta name=\"description\" content=\"Prenez contact avec nous pour en savoir plus sur l&#039;aikido et vous inscrire \u00e0 une s\u00e9ance d\u00e9couverte gratuite sans engagement dans notre dojo!\" \/>\n<meta name=\"robots\" content=\"index, follow, max-snippet:-1, max-image-preview:large, max-video-preview:-1\" \/>\n<link rel=\"canonical\" href=\"https:\/\/aikido-montignylesmetz.fr\/index.php\/contact\/\" \/>\n<meta property=\"og:locale\" content=\"fr_FR\" \/>\n<meta property=\"og:type\" content=\"article\" \/>\n<meta property=\"og:title\" content=\"Contact - Aikido CSAG Metz\" \/>\n<meta property=\"og:description\" content=\"Prenez contact avec nous pour en savoir plus sur l&#039;aikido et vous inscrire \u00e0 une s\u00e9ance d\u00e9couverte gratuite sans engagement dans notre dojo!\" \/>\n<meta property=\"og:url\" content=\"https:\/\/aikido-montignylesmetz.fr\/index.php\/contact\/\" \/>\n<meta property=\"og:site_name\" content=\"Aikido CSAG Metz\" \/>\n<meta property=\"article:publisher\" content=\"https:\/\/www.facebook.com\/aikidomontignylesmetz\/\" \/>\n<meta property=\"article:modified_time\" content=\"2024-03-29T09:00:26+00:00\" \/>\n<meta property=\"og:image\" content=\"https:\/\/aikido-montignylesmetz.fr\/wp-content\/uploads\/2024\/03\/KB-03022024-FFAAA-256-scaled.jpg\" \/>\n\t<meta property=\"og:image:width\" content=\"2560\" \/>\n\t<meta property=\"og:image:height\" content=\"1707\" \/>\n\t<meta property=\"og:image:type\" content=\"image\/jpeg\" \/>\n<meta name=\"twitter:card\" content=\"summary_large_image\" \/>\n<meta name=\"twitter:label1\" content=\"Dur\u00e9e de lecture estim\u00e9e\" \/>\n\t<meta name=\"twitter:data1\" content=\"2 minutes\" \/>\n<script type=\"application\/ld+json\" class=\"yoast-schema-graph\">{\"@context\":\"https:\/\/schema.org\",\"@graph\":[{\"@type\":\"WebPage\",\"@id\":\"https:\/\/aikido-montignylesmetz.fr\/index.php\/contact\/\",\"url\":\"https:\/\/aikido-montignylesmetz.fr\/index.php\/contact\/\",\"name\":\"Contact - Aikido CSAG Metz\",\"isPartOf\":{\"@id\":\"https:\/\/aikido-montignylesmetz.fr\/#website\"},\"primaryImageOfPage\":{\"@id\":\"https:\/\/aikido-montignylesmetz.fr\/index.php\/contact\/#primaryimage\"},\"image\":{\"@id\":\"https:\/\/aikido-montignylesmetz.fr\/index.php\/contact\/#primaryimage\"},\"thumbnailUrl\":\"https:\/\/aikido-montignylesmetz.fr\/wp-content\/uploads\/2024\/03\/KB-03022024-FFAAA-256-scaled.jpg\",\"datePublished\":\"2024-03-15T22:43:06+00:00\",\"dateModified\":\"2024-03-29T09:00:26+00:00\",\"description\":\"Prenez contact avec nous pour en savoir plus sur l'aikido et vous inscrire \u00e0 une s\u00e9ance d\u00e9couverte gratuite sans engagement dans notre dojo!\",\"breadcrumb\":{\"@id\":\"https:\/\/aikido-montignylesmetz.fr\/index.php\/contact\/#breadcrumb\"},\"inLanguage\":\"fr-FR\",\"potentialAction\":[{\"@type\":\"ReadAction\",\"target\":[\"https:\/\/aikido-montignylesmetz.fr\/index.php\/contact\/\"]}]},{\"@type\":\"ImageObject\",\"inLanguage\":\"fr-FR\",\"@id\":\"https:\/\/aikido-montignylesmetz.fr\/index.php\/contact\/#primaryimage\",\"url\":\"https:\/\/aikido-montignylesmetz.fr\/wp-content\/uploads\/2024\/03\/KB-03022024-FFAAA-256-scaled.jpg\",\"contentUrl\":\"https:\/\/aikido-montignylesmetz.fr\/wp-content\/uploads\/2024\/03\/KB-03022024-FFAAA-256-scaled.jpg\",\"width\":2560,\"height\":1707},{\"@type\":\"BreadcrumbList\",\"@id\":\"https:\/\/aikido-montignylesmetz.fr\/index.php\/contact\/#breadcrumb\",\"itemListElement\":[{\"@type\":\"ListItem\",\"position\":1,\"name\":\"Accueil\",\"item\":\"https:\/\/aikido-montignylesmetz.fr\/\"},{\"@type\":\"ListItem\",\"position\":2,\"name\":\"Contact\"}]},{\"@type\":\"WebSite\",\"@id\":\"https:\/\/aikido-montignylesmetz.fr\/#website\",\"url\":\"https:\/\/aikido-montignylesmetz.fr\/\",\"name\":\"Aikido CSAG Metz (Montigny-les-Metz)\",\"description\":\"Section Aikido et Armes Japonaises ouvert \u00e0 tous (civil et militaire) du CSAG Metz \u00e0 Montigny-les-Metz, situ\u00e9 au coeur de l&#039;agglom\u00e9ration messine.\",\"publisher\":{\"@id\":\"https:\/\/aikido-montignylesmetz.fr\/#organization\"},\"potentialAction\":[{\"@type\":\"SearchAction\",\"target\":{\"@type\":\"EntryPoint\",\"urlTemplate\":\"https:\/\/aikido-montignylesmetz.fr\/?s={search_term_string}\"},\"query-input\":{\"@type\":\"PropertyValueSpecification\",\"valueRequired\":true,\"valueName\":\"search_term_string\"}}],\"inLanguage\":\"fr-FR\"},{\"@type\":\"Organization\",\"@id\":\"https:\/\/aikido-montignylesmetz.fr\/#organization\",\"name\":\"Aikido CSAG Metz (Montigny-les-Metz)\",\"url\":\"https:\/\/aikido-montignylesmetz.fr\/\",\"logo\":{\"@type\":\"ImageObject\",\"inLanguage\":\"fr-FR\",\"@id\":\"https:\/\/aikido-montignylesmetz.fr\/#\/schema\/logo\/image\/\",\"url\":\"https:\/\/aikido-montignylesmetz.fr\/wp-content\/uploads\/2024\/03\/cropped-csag.png\",\"contentUrl\":\"https:\/\/aikido-montignylesmetz.fr\/wp-content\/uploads\/2024\/03\/cropped-csag.png\",\"width\":443,\"height\":529,\"caption\":\"Aikido CSAG Metz (Montigny-les-Metz)\"},\"image\":{\"@id\":\"https:\/\/aikido-montignylesmetz.fr\/#\/schema\/logo\/image\/\"},\"sameAs\":[\"https:\/\/www.facebook.com\/aikidomontignylesmetz\/\",\"https:\/\/www.instagram.com\/aikido_philippetheis\/\"]}]}<\/script>\n<!-- \/ Yoast SEO plugin. -->","yoast_head_json":{"title":"Contact - Aikido CSAG Metz","description":"Prenez contact avec nous pour en savoir plus sur l'aikido et vous inscrire \u00e0 une s\u00e9ance d\u00e9couverte gratuite sans engagement dans notre dojo!","robots":{"index":"index","follow":"follow","max-snippet":"max-snippet:-1","max-image-preview":"max-image-preview:large","max-video-preview":"max-video-preview:-1"},"canonical":"https:\/\/aikido-montignylesmetz.fr\/index.php\/contact\/","og_locale":"fr_FR","og_type":"article","og_title":"Contact - Aikido CSAG Metz","og_description":"Prenez contact avec nous pour en savoir plus sur l'aikido et vous inscrire \u00e0 une s\u00e9ance d\u00e9couverte gratuite sans engagement dans notre dojo!","og_url":"https:\/\/aikido-montignylesmetz.fr\/index.php\/contact\/","og_site_name":"Aikido CSAG Metz","article_publisher":"https:\/\/www.facebook.com\/aikidomontignylesmetz\/","article_modified_time":"2024-03-29T09:00:26+00:00","og_image":[{"width":2560,"height":1707,"url":"https:\/\/aikido-montignylesmetz.fr\/wp-content\/uploads\/2024\/03\/KB-03022024-FFAAA-256-scaled.jpg","type":"image\/jpeg"}],"twitter_card":"summary_large_image","twitter_misc":{"Dur\u00e9e de lecture estim\u00e9e":"2 minutes"},"schema":{"@context":"https:\/\/schema.org","@graph":[{"@type":"WebPage","@id":"https:\/\/aikido-montignylesmetz.fr\/index.php\/contact\/","url":"https:\/\/aikido-montignylesmetz.fr\/index.php\/contact\/","name":"Contact - Aikido CSAG Metz","isPartOf":{"@id":"https:\/\/aikido-montignylesmetz.fr\/#website"},"primaryImageOfPage":{"@id":"https:\/\/aikido-montignylesmetz.fr\/index.php\/contact\/#primaryimage"},"image":{"@id":"https:\/\/aikido-montignylesmetz.fr\/index.php\/contact\/#primaryimage"},"thumbnailUrl":"https:\/\/aikido-montignylesmetz.fr\/wp-content\/uploads\/2024\/03\/KB-03022024-FFAAA-256-scaled.jpg","datePublished":"2024-03-15T22:43:06+00:00","dateModified":"2024-03-29T09:00:26+00:00","description":"Prenez contact avec nous pour en savoir plus sur l'aikido et vous inscrire \u00e0 une s\u00e9ance d\u00e9couverte gratuite sans engagement dans notre dojo!","breadcrumb":{"@id":"https:\/\/aikido-montignylesmetz.fr\/index.php\/contact\/#breadcrumb"},"inLanguage":"fr-FR","potentialAction":[{"@type":"ReadAction","target":["https:\/\/aikido-montignylesmetz.fr\/index.php\/contact\/"]}]},{"@type":"ImageObject","inLanguage":"fr-FR","@id":"https:\/\/aikido-montignylesmetz.fr\/index.php\/contact\/#primaryimage","url":"https:\/\/aikido-montignylesmetz.fr\/wp-content\/uploads\/2024\/03\/KB-03022024-FFAAA-256-scaled.jpg","contentUrl":"https:\/\/aikido-montignylesmetz.fr\/wp-content\/uploads\/2024\/03\/KB-03022024-FFAAA-256-scaled.jpg","width":2560,"height":1707},{"@type":"BreadcrumbList","@id":"https:\/\/aikido-montignylesmetz.fr\/index.php\/contact\/#breadcrumb","itemListElement":[{"@type":"ListItem","position":1,"name":"Accueil","item":"https:\/\/aikido-montignylesmetz.fr\/"},{"@type":"ListItem","position":2,"name":"Contact"}]},{"@type":"WebSite","@id":"https:\/\/aikido-montignylesmetz.fr\/#website","url":"https:\/\/aikido-montignylesmetz.fr\/","name":"Aikido CSAG Metz (Montigny-les-Metz)","description":"Section Aikido et Armes Japonaises ouvert \u00e0 tous (civil et militaire) du CSAG Metz \u00e0 Montigny-les-Metz, situ\u00e9 au coeur de l&#039;agglom\u00e9ration messine.","publisher":{"@id":"https:\/\/aikido-montignylesmetz.fr\/#organization"},"potentialAction":[{"@type":"SearchAction","target":{"@type":"EntryPoint","urlTemplate":"https:\/\/aikido-montignylesmetz.fr\/?s={search_term_string}"},"query-input":{"@type":"PropertyValueSpecification","valueRequired":true,"valueName":"search_term_string"}}],"inLanguage":"fr-FR"},{"@type":"Organization","@id":"https:\/\/aikido-montignylesmetz.fr\/#organization","name":"Aikido CSAG Metz (Montigny-les-Metz)","url":"https:\/\/aikido-montignylesmetz.fr\/","logo":{"@type":"ImageObject","inLanguage":"fr-FR","@id":"https:\/\/aikido-montignylesmetz.fr\/#\/schema\/logo\/image\/","url":"https:\/\/aikido-montignylesmetz.fr\/wp-content\/uploads\/2024\/03\/cropped-csag.png","contentUrl":"https:\/\/aikido-montignylesmetz.fr\/wp-content\/uploads\/2024\/03\/cropped-csag.png","width":443,"height":529,"caption":"Aikido CSAG Metz (Montigny-les-Metz)"},"image":{"@id":"https:\/\/aikido-montignylesmetz.fr\/#\/schema\/logo\/image\/"},"sameAs":["https:\/\/www.facebook.com\/aikidomontignylesmetz\/","https:\/\/www.instagram.com\/aikido_philippetheis\/"]}]}},"_links":{"self":[{"href":"https:\/\/aikido-montignylesmetz.fr\/index.php\/wp-json\/wp\/v2\/pages\/13","targetHints":{"allow":["GET"]}}],"collection":[{"href":"https:\/\/aikido-montignylesmetz.fr\/index.php\/wp-json\/wp\/v2\/pages"}],"about":[{"href":"https:\/\/aikido-montignylesmetz.fr\/index.php\/wp-json\/wp\/v2\/types\/page"}],"author":[{"embeddable":true,"href":"https:\/\/aikido-montignylesmetz.fr\/index.php\/wp-json\/wp\/v2\/users\/1"}],"replies":[{"embeddable":true,"href":"https:\/\/aikido-montignylesmetz.fr\/index.php\/wp-json\/wp\/v2\/comments?post=13"}],"version-history":[{"count":6,"href":"https:\/\/aikido-montignylesmetz.fr\/index.php\/wp-json\/wp\/v2\/pages\/13\/revisions"}],"predecessor-version":[{"id":238,"href":"https:\/\/aikido-montignylesmetz.fr\/index.php\/wp-json\/wp\/v2\/pages\/13\/revisions\/238"}],"wp:featuredmedia":[{"embeddable":true,"href":"https:\/\/aikido-montignylesmetz.fr\/index.php\/wp-json\/wp\/v2\/media\/21"}],"wp:attachment":[{"href":"https:\/\/aikido-montignylesmetz.fr\/index.php\/wp-json\/wp\/v2\/media?parent=13"}],"curies":[{"name":"wp","href":"https:\/\/api.w.org\/{rel}","templated":true}]}}