{"id":164,"date":"2024-03-17T18:35:35","date_gmt":"2024-03-17T17:35:35","guid":{"rendered":"http:\/\/deckoda.cluster030.hosting.ovh.net\/?page_id=164"},"modified":"2024-10-17T10:43:07","modified_gmt":"2024-10-17T08:43:07","slug":"le-dojo","status":"publish","type":"page","link":"https:\/\/aikido-montignylesmetz.fr\/index.php\/le-dojo\/","title":{"rendered":"Notre Dojo"},"content":{"rendered":"<p>Fond\u00e9 en 2020, c&#8217;est le dernier n\u00e9 des <a href=\"https:\/\/aikido-montignylesmetz.fr\/index.php\/2024\/03\/28\/quest-ce-quun-dojo\/(ouvre un nouvel onglet)\">dojos <\/a><a href=\"https:\/\/www.aikido-lorraine.fr\/\">lorrains<\/a>! Il est second dojo de la r\u00e9gion en terme d&#8217;effectif et le premier en proportion de f\u00e9minine (45%). La pratique est ouverte tout au long de l&#8217;ann\u00e9e \u00e0 tous adultes comme enfants!<\/p><p>Notre <a href=\"https:\/\/aikido-montignylesmetz.fr\/index.php\/2024\/03\/28\/quest-ce-quun-dojo\/(ouvre un nouvel onglet)\">dojo <\/a>fait partie du Club Sportif et Artistique de la Garnison de Metz (CSAG). Il est affili\u00e9 \u00e0 la F\u00e9d\u00e9ration des Clubs Sportifs de la D\u00e9fense (FCD) et \u00e0 la F\u00e9d\u00e9ration Fran\u00e7aise d&#8217;A\u00efkido, A\u00efkibudo et Associ\u00e9es (FFAAA). <\/p><p><strong>N&#8217;h\u00e9sitez pas \u00e0 nous contacter <a href=\"https:\/\/aikido-montignylesmetz.fr\/wp-admin\/customize.php?url=https%3A%2F%2Faikido-montignylesmetz.fr%2Findex.php%2Fblog%2F\">(rubrique contact du site<\/a>) pour plus d&#8217;information ! Nous organiserons une s\u00e9ance d\u00e9couverte gratuite!<\/strong><\/p><h2 class=\"wp-block-heading\">Nous trouver<\/h2><p><a href=\"https:\/\/www.google.com\/maps\/place\/\/data=!4m2!3m1!1s0x4794dd8626f137fd:0x7c170de5865f130?source=g.page.m._\"><strong>Le dojo est dans le Quartier Militaire Collin, 30 rue Franiatte 57950 MONTIGNY-LES-METZ<\/strong><\/a><\/p><div class=\"wp-block-group\"><div class=\"wp-block-group__inner-container is-layout-constrained wp-block-group-is-layout-constrained\"><figure class=\"wp-block-gallery aligncenter has-nested-images columns-default is-cropped wp-block-gallery-1 is-layout-flex wp-block-gallery-is-layout-flex\"><figure class=\"wp-block-image size-large\"><img loading=\"lazy\" decoding=\"async\" width=\"1024\" height=\"771\" data-id=\"341\" src=\"https:\/\/aikido-montignylesmetz.fr\/wp-content\/uploads\/2024\/10\/image-1024x771.jpg\" alt=\"\" class=\"wp-image-341\" srcset=\"https:\/\/aikido-montignylesmetz.fr\/wp-content\/uploads\/2024\/10\/image-1024x771.jpg 1024w, https:\/\/aikido-montignylesmetz.fr\/wp-content\/uploads\/2024\/10\/image-300x226.jpg 300w, https:\/\/aikido-montignylesmetz.fr\/wp-content\/uploads\/2024\/10\/image-768x578.jpg 768w, https:\/\/aikido-montignylesmetz.fr\/wp-content\/uploads\/2024\/10\/image-1536x1157.jpg 1536w, https:\/\/aikido-montignylesmetz.fr\/wp-content\/uploads\/2024\/10\/image-2048x1542.jpg 2048w, https:\/\/aikido-montignylesmetz.fr\/wp-content\/uploads\/2024\/10\/image-1320x994.jpg 1320w, https:\/\/aikido-montignylesmetz.fr\/wp-content\/uploads\/2024\/10\/image-600x452.jpg 600w\" sizes=\"auto, (max-width: 1024px) 100vw, 1024px\" \/><\/figure>\n\n<figure class=\"wp-block-image size-large\"><img loading=\"lazy\" decoding=\"async\" width=\"1024\" height=\"771\" data-id=\"342\" src=\"https:\/\/aikido-montignylesmetz.fr\/wp-content\/uploads\/2024\/10\/image-1-1024x771.jpg\" alt=\"\" class=\"wp-image-342\" srcset=\"https:\/\/aikido-montignylesmetz.fr\/wp-content\/uploads\/2024\/10\/image-1-1024x771.jpg 1024w, https:\/\/aikido-montignylesmetz.fr\/wp-content\/uploads\/2024\/10\/image-1-300x226.jpg 300w, https:\/\/aikido-montignylesmetz.fr\/wp-content\/uploads\/2024\/10\/image-1-768x578.jpg 768w, https:\/\/aikido-montignylesmetz.fr\/wp-content\/uploads\/2024\/10\/image-1-1536x1157.jpg 1536w, https:\/\/aikido-montignylesmetz.fr\/wp-content\/uploads\/2024\/10\/image-1-2048x1542.jpg 2048w, https:\/\/aikido-montignylesmetz.fr\/wp-content\/uploads\/2024\/10\/image-1-1320x994.jpg 1320w, https:\/\/aikido-montignylesmetz.fr\/wp-content\/uploads\/2024\/10\/image-1-600x452.jpg 600w\" sizes=\"auto, (max-width: 1024px) 100vw, 1024px\" \/><\/figure><\/figure><\/div><\/div><h2 class=\"wp-block-heading\">Les horaires des cours hebdomadaires<\/h2><p>Une fois adh\u00e9rent du club vous pouvez participer \u00e0 tout ou partie des cours hebdomadaires suivant vos souhaits et possibilit\u00e9s. Pour une progression optimalit\u00e9 on recommande \u00e9videmment l&#8217;assiduit\u00e9. Toutefois, il vaut mieux pratiquer moins que renoncer \u00e0 la pratique par impossibilit\u00e9 de venir \u00e0 tous les cours&#8230;<\/p><figure class=\"wp-block-table is-style-stripes\"><table><tbody><tr><td><strong>Jours<\/strong><\/td><td><strong>Horaires<\/strong><\/td><td><strong>Cours<\/strong><\/td><td><strong>Enseignants<\/strong><\/td><\/tr><tr><td><strong>Lundi<\/strong><\/td><td>19h15 &#8211; 20h15<\/td><td>Armes Japonaises<\/td><td>Philippe Theis,<br><em>responsable technique<\/em><\/td><\/tr><tr><td><\/td><td>20h15 &#8211; 21h30<\/td><td>A\u00efkido<\/td><td>Philippe Theis,<br><em>responsable technique<\/em><\/td><\/tr><tr><td><strong>Mercredi<\/strong><\/td><td><mark style=\"background-color:rgba(0, 0, 0, 0)\" class=\"has-inline-color has-accent-color\">18h &#8211; 19h<\/mark><\/td><td><mark style=\"background-color:rgba(0, 0, 0, 0)\" class=\"has-inline-color has-accent-color\">A\u00efkido Enfants (6-12 ans)<\/mark><\/td><td>J\u00e9r\u00e9my Rizza<br>Christophe Cavignaux &amp; Andr\u00e9 Tritz<\/td><\/tr><tr><td><\/td><td>19h15 &#8211; 21h<\/td><td>A\u00efkido<\/td><td>Philippe Theis,<br><em>responsable technique<\/em><\/td><\/tr><tr><td><strong>Vendredi<\/strong><\/td><td>18h15 &#8211; 19h15<\/td><td>A\u00efkido<\/td><td>J\u00e9r\u00e9my Rizza<\/td><\/tr><tr><td><\/td><td>19h15 &#8211; 20h30<\/td><td>Armes Japonaises<\/td><td>Gabriel Heitz<\/td><\/tr><tr><td><\/td><td>20h30 &#8211; 22h<\/td><td>Pratique libre (&gt;2e Kyu)<\/td><td>Enseignant dipl\u00f4m\u00e9 du Dojo<\/td><\/tr><\/tbody><\/table><\/figure><h2 class=\"wp-block-heading\">S&#8217;inscrire au dojo<\/h2><p>L&#8217;inscription se fait au dojo lors de votre visite \u00e0 l&#8217;issue du cours de d\u00e9couverte. <strong>Il faudra vous munir d&#8217;un certificat m\u00e9dical de non contre-indication \u00e0 la pratique et de deux photos.<\/strong> Le dojo accepte les Pass&#8217;Sport. Si vous \u00eates d\u00e9j\u00e0 adh\u00e9rent du CSAG Metz, une r\u00e9duction de 39\u20ac s&#8217;applique. L&#8217;inscription comprend l&#8217;acc\u00e8s \u00e0 tous les cours (Aikido et Armes) et les licences FCD et FFAAA.<\/p><figure class=\"wp-block-table is-style-stripes\"><table><tbody><tr><td><strong>Types d&#8217;inscription<\/strong><\/td><td><strong>Tarifs<\/strong><\/td><\/tr><tr><td><strong>Enfants (moins de 13 ans)<\/strong><\/td><td><strong>115\u20ac<\/strong><\/td><\/tr><tr><td>Enfants R\u00e9duit*<\/td><td>95\u20ac<\/td><\/tr><tr><td><strong>Adultes<\/strong><\/td><td><strong>165\u20ac<\/strong><\/td><\/tr><tr><td>Adultes R\u00e9duit* ou moins de 25 ans<\/td><td>125\u20ac<\/td><\/tr><tr><td>Deuxi\u00e8me dojo (d\u00e9j\u00e0 licenci\u00e9 ailleurs avec pratique occasionnelle)<\/td><td>65\u20ac<\/td><\/tr><tr><td>Inscription \u00e0 un cours ou \u00e0 stage (unit\u00e9)<\/td><td>10\u20ac<\/td><\/tr><\/tbody><\/table><figcaption class=\"wp-element-caption\"><em>* R\u00e9duction \u00e0 partir de la 2e personne du foyer, Etudiants, Sans emploi, Retrait\u00e9s et les inscriptions apr\u00e8s le mois de f\u00e9vrier<\/em>.<\/figcaption><\/figure><h1 class=\"wp-block-heading has-text-align-center\">Nous suivre sur les r\u00e9seaux !<\/h1><div class=\"wp-block-group is-content-justification-center is-nowrap is-layout-flex wp-container-core-group-is-layout-23441af8 wp-block-group-is-layout-flex\"><figure class=\"wp-block-image size-full is-resized\"><a href=\"https:\/\/www.youtube.com\/channel\/UCT6gBHrMIwPJGxyo8CXCLkw\"><img loading=\"lazy\" decoding=\"async\" width=\"512\" height=\"512\" src=\"https:\/\/aikido-montignylesmetz.fr\/wp-content\/uploads\/2024\/03\/174883.png\" alt=\"\" class=\"wp-image-250\" style=\"width:194px;height:auto\" srcset=\"https:\/\/aikido-montignylesmetz.fr\/wp-content\/uploads\/2024\/03\/174883.png 512w, https:\/\/aikido-montignylesmetz.fr\/wp-content\/uploads\/2024\/03\/174883-300x300.png 300w, https:\/\/aikido-montignylesmetz.fr\/wp-content\/uploads\/2024\/03\/174883-150x150.png 150w, https:\/\/aikido-montignylesmetz.fr\/wp-content\/uploads\/2024\/03\/174883-160x160.png 160w\" sizes=\"auto, (max-width: 512px) 100vw, 512px\" \/><\/a><\/figure>\n\n<figure class=\"wp-block-image size-full is-resized\"><a href=\"https:\/\/www.facebook.com\/aikidomontignylesmetz\/\"><img loading=\"lazy\" decoding=\"async\" width=\"512\" height=\"512\" src=\"https:\/\/aikido-montignylesmetz.fr\/wp-content\/uploads\/2024\/03\/5968764-1.png\" alt=\"\" class=\"wp-image-254\" style=\"width:176px;height:auto\" srcset=\"https:\/\/aikido-montignylesmetz.fr\/wp-content\/uploads\/2024\/03\/5968764-1.png 512w, https:\/\/aikido-montignylesmetz.fr\/wp-content\/uploads\/2024\/03\/5968764-1-300x300.png 300w, https:\/\/aikido-montignylesmetz.fr\/wp-content\/uploads\/2024\/03\/5968764-1-150x150.png 150w, https:\/\/aikido-montignylesmetz.fr\/wp-content\/uploads\/2024\/03\/5968764-1-160x160.png 160w\" sizes=\"auto, (max-width: 512px) 100vw, 512px\" \/><\/a><\/figure>\n\n<figure class=\"wp-block-image size-full is-resized\"><a href=\"https:\/\/www.instagram.com\/aikido_philippetheis\/\"><img loading=\"lazy\" decoding=\"async\" width=\"512\" height=\"512\" src=\"https:\/\/aikido-montignylesmetz.fr\/wp-content\/uploads\/2024\/03\/174855-1.png\" alt=\"\" class=\"wp-image-255\" style=\"width:175px;height:auto\" srcset=\"https:\/\/aikido-montignylesmetz.fr\/wp-content\/uploads\/2024\/03\/174855-1.png 512w, https:\/\/aikido-montignylesmetz.fr\/wp-content\/uploads\/2024\/03\/174855-1-300x300.png 300w, https:\/\/aikido-montignylesmetz.fr\/wp-content\/uploads\/2024\/03\/174855-1-150x150.png 150w, https:\/\/aikido-montignylesmetz.fr\/wp-content\/uploads\/2024\/03\/174855-1-160x160.png 160w\" sizes=\"auto, (max-width: 512px) 100vw, 512px\" \/><\/a><\/figure><\/div><div class=\"wp-block-image\"><figure class=\"aligncenter size-large is-resized\"><img loading=\"lazy\" decoding=\"async\" width=\"724\" height=\"1024\" src=\"http:\/\/deckoda.cluster030.hosting.ovh.net\/wp-content\/uploads\/2024\/03\/rentree-CSAG-2023-2024-724x1024.png\" alt=\"\" class=\"wp-image-190\" style=\"aspect-ratio:1;width:798px;height:auto\" srcset=\"https:\/\/aikido-montignylesmetz.fr\/wp-content\/uploads\/2024\/03\/rentree-CSAG-2023-2024-724x1024.png 724w, https:\/\/aikido-montignylesmetz.fr\/wp-content\/uploads\/2024\/03\/rentree-CSAG-2023-2024-212x300.png 212w, https:\/\/aikido-montignylesmetz.fr\/wp-content\/uploads\/2024\/03\/rentree-CSAG-2023-2024-768x1086.png 768w, https:\/\/aikido-montignylesmetz.fr\/wp-content\/uploads\/2024\/03\/rentree-CSAG-2023-2024-1086x1536.png 1086w, https:\/\/aikido-montignylesmetz.fr\/wp-content\/uploads\/2024\/03\/rentree-CSAG-2023-2024-1448x2048.png 1448w, https:\/\/aikido-montignylesmetz.fr\/wp-content\/uploads\/2024\/03\/rentree-CSAG-2023-2024-1320x1867.png 1320w, https:\/\/aikido-montignylesmetz.fr\/wp-content\/uploads\/2024\/03\/rentree-CSAG-2023-2024-600x849.png 600w, https:\/\/aikido-montignylesmetz.fr\/wp-content\/uploads\/2024\/03\/rentree-CSAG-2023-2024.png 1587w\" sizes=\"auto, (max-width: 724px) 100vw, 724px\" \/><\/figure><\/div>","protected":false},"excerpt":{"rendered":"<p>Fond\u00e9 en 2020, c&#8217;est le dernier n\u00e9 des dojos lorrains! Il est second dojo de la r\u00e9gion en terme d&#8217;effectif et le premier en proportion de f\u00e9minine (45%). La pratique est ouverte tout au long de l&#8217;ann\u00e9e \u00e0 tous adultes comme enfants! Notre dojo fait partie du Club Sportif et [&hellip;]<\/p>\n","protected":false},"author":1,"featured_media":246,"parent":0,"menu_order":0,"comment_status":"closed","ping_status":"closed","template":"","meta":{"om_disable_all_campaigns":false,"_monsterinsights_skip_tracking":false,"_monsterinsights_sitenote_active":false,"_monsterinsights_sitenote_note":"","_monsterinsights_sitenote_category":0,"_uf_show_specific_survey":0,"_uf_disable_surveys":false,"footnotes":""},"class_list":["post-164","page","type-page","status-publish","has-post-thumbnail","hentry"],"yoast_head":"<!-- This site is optimized with the Yoast SEO plugin v23.6 - https:\/\/yoast.com\/wordpress\/plugins\/seo\/ -->\n<title>Notre Dojo - Aikido CSAG Metz<\/title>\n<meta name=\"description\" content=\"Bienvenue dans notre club d&#039;aikido \u00e0 Montigny-les-Metz (Moselle). Notre dojo est ouvert \u00e0 tous (civils et militaires), il se situe en terrain militaire (Caserne collin rue Franiatte).\" \/>\n<meta name=\"robots\" content=\"index, follow, max-snippet:-1, max-image-preview:large, max-video-preview:-1\" \/>\n<link rel=\"canonical\" href=\"https:\/\/aikido-montignylesmetz.fr\/index.php\/le-dojo\/\" \/>\n<meta property=\"og:locale\" content=\"fr_FR\" \/>\n<meta property=\"og:type\" content=\"article\" \/>\n<meta property=\"og:title\" content=\"Notre Dojo - Aikido CSAG Metz\" \/>\n<meta property=\"og:description\" content=\"Bienvenue dans notre club d&#039;aikido \u00e0 Montigny-les-Metz (Moselle). Notre dojo est ouvert \u00e0 tous (civils et militaires), il se situe en terrain militaire (Caserne collin rue Franiatte).\" \/>\n<meta property=\"og:url\" content=\"https:\/\/aikido-montignylesmetz.fr\/index.php\/le-dojo\/\" \/>\n<meta property=\"og:site_name\" content=\"Aikido CSAG Metz\" \/>\n<meta property=\"article:publisher\" content=\"https:\/\/www.facebook.com\/aikidomontignylesmetz\/\" \/>\n<meta property=\"article:modified_time\" content=\"2024-10-17T08:43:07+00:00\" \/>\n<meta property=\"og:image\" content=\"https:\/\/aikido-montignylesmetz.fr\/wp-content\/uploads\/2024\/03\/ob_6f2599_kamiza-aikikai-hombu-dojo.jpg\" \/>\n\t<meta property=\"og:image:width\" content=\"1024\" \/>\n\t<meta property=\"og:image:height\" content=\"680\" \/>\n\t<meta property=\"og:image:type\" content=\"image\/jpeg\" \/>\n<meta name=\"twitter:card\" content=\"summary_large_image\" \/>\n<meta name=\"twitter:label1\" content=\"Dur\u00e9e de lecture estim\u00e9e\" \/>\n\t<meta name=\"twitter:data1\" content=\"4 minutes\" \/>\n<script type=\"application\/ld+json\" class=\"yoast-schema-graph\">{\"@context\":\"https:\/\/schema.org\",\"@graph\":[{\"@type\":[\"WebPage\",\"AboutPage\"],\"@id\":\"https:\/\/aikido-montignylesmetz.fr\/index.php\/le-dojo\/\",\"url\":\"https:\/\/aikido-montignylesmetz.fr\/index.php\/le-dojo\/\",\"name\":\"Notre Dojo - Aikido CSAG Metz\",\"isPartOf\":{\"@id\":\"https:\/\/aikido-montignylesmetz.fr\/#website\"},\"primaryImageOfPage\":{\"@id\":\"https:\/\/aikido-montignylesmetz.fr\/index.php\/le-dojo\/#primaryimage\"},\"image\":{\"@id\":\"https:\/\/aikido-montignylesmetz.fr\/index.php\/le-dojo\/#primaryimage\"},\"thumbnailUrl\":\"https:\/\/aikido-montignylesmetz.fr\/wp-content\/uploads\/2024\/03\/ob_6f2599_kamiza-aikikai-hombu-dojo.jpg\",\"datePublished\":\"2024-03-17T17:35:35+00:00\",\"dateModified\":\"2024-10-17T08:43:07+00:00\",\"description\":\"Bienvenue dans notre club d'aikido \u00e0 Montigny-les-Metz (Moselle). Notre dojo est ouvert \u00e0 tous (civils et militaires), il se situe en terrain militaire (Caserne collin rue Franiatte).\",\"breadcrumb\":{\"@id\":\"https:\/\/aikido-montignylesmetz.fr\/index.php\/le-dojo\/#breadcrumb\"},\"inLanguage\":\"fr-FR\",\"potentialAction\":[{\"@type\":\"ReadAction\",\"target\":[\"https:\/\/aikido-montignylesmetz.fr\/index.php\/le-dojo\/\"]}]},{\"@type\":\"ImageObject\",\"inLanguage\":\"fr-FR\",\"@id\":\"https:\/\/aikido-montignylesmetz.fr\/index.php\/le-dojo\/#primaryimage\",\"url\":\"https:\/\/aikido-montignylesmetz.fr\/wp-content\/uploads\/2024\/03\/ob_6f2599_kamiza-aikikai-hombu-dojo.jpg\",\"contentUrl\":\"https:\/\/aikido-montignylesmetz.fr\/wp-content\/uploads\/2024\/03\/ob_6f2599_kamiza-aikikai-hombu-dojo.jpg\",\"width\":1024,\"height\":680},{\"@type\":\"BreadcrumbList\",\"@id\":\"https:\/\/aikido-montignylesmetz.fr\/index.php\/le-dojo\/#breadcrumb\",\"itemListElement\":[{\"@type\":\"ListItem\",\"position\":1,\"name\":\"Accueil\",\"item\":\"https:\/\/aikido-montignylesmetz.fr\/\"},{\"@type\":\"ListItem\",\"position\":2,\"name\":\"Notre Dojo\"}]},{\"@type\":\"WebSite\",\"@id\":\"https:\/\/aikido-montignylesmetz.fr\/#website\",\"url\":\"https:\/\/aikido-montignylesmetz.fr\/\",\"name\":\"Aikido CSAG Metz (Montigny-les-Metz)\",\"description\":\"Section Aikido et Armes Japonaises ouvert \u00e0 tous (civil et militaire) du CSAG Metz \u00e0 Montigny-les-Metz, situ\u00e9 au coeur de l&#039;agglom\u00e9ration messine.\",\"publisher\":{\"@id\":\"https:\/\/aikido-montignylesmetz.fr\/#organization\"},\"potentialAction\":[{\"@type\":\"SearchAction\",\"target\":{\"@type\":\"EntryPoint\",\"urlTemplate\":\"https:\/\/aikido-montignylesmetz.fr\/?s={search_term_string}\"},\"query-input\":{\"@type\":\"PropertyValueSpecification\",\"valueRequired\":true,\"valueName\":\"search_term_string\"}}],\"inLanguage\":\"fr-FR\"},{\"@type\":\"Organization\",\"@id\":\"https:\/\/aikido-montignylesmetz.fr\/#organization\",\"name\":\"Aikido CSAG Metz (Montigny-les-Metz)\",\"url\":\"https:\/\/aikido-montignylesmetz.fr\/\",\"logo\":{\"@type\":\"ImageObject\",\"inLanguage\":\"fr-FR\",\"@id\":\"https:\/\/aikido-montignylesmetz.fr\/#\/schema\/logo\/image\/\",\"url\":\"https:\/\/aikido-montignylesmetz.fr\/wp-content\/uploads\/2024\/03\/cropped-csag.png\",\"contentUrl\":\"https:\/\/aikido-montignylesmetz.fr\/wp-content\/uploads\/2024\/03\/cropped-csag.png\",\"width\":443,\"height\":529,\"caption\":\"Aikido CSAG Metz (Montigny-les-Metz)\"},\"image\":{\"@id\":\"https:\/\/aikido-montignylesmetz.fr\/#\/schema\/logo\/image\/\"},\"sameAs\":[\"https:\/\/www.facebook.com\/aikidomontignylesmetz\/\",\"https:\/\/www.instagram.com\/aikido_philippetheis\/\"]}]}<\/script>\n<!-- \/ Yoast SEO plugin. -->","yoast_head_json":{"title":"Notre Dojo - Aikido CSAG Metz","description":"Bienvenue dans notre club d'aikido \u00e0 Montigny-les-Metz (Moselle). Notre dojo est ouvert \u00e0 tous (civils et militaires), il se situe en terrain militaire (Caserne collin rue Franiatte).","robots":{"index":"index","follow":"follow","max-snippet":"max-snippet:-1","max-image-preview":"max-image-preview:large","max-video-preview":"max-video-preview:-1"},"canonical":"https:\/\/aikido-montignylesmetz.fr\/index.php\/le-dojo\/","og_locale":"fr_FR","og_type":"article","og_title":"Notre Dojo - Aikido CSAG Metz","og_description":"Bienvenue dans notre club d'aikido \u00e0 Montigny-les-Metz (Moselle). Notre dojo est ouvert \u00e0 tous (civils et militaires), il se situe en terrain militaire (Caserne collin rue Franiatte).","og_url":"https:\/\/aikido-montignylesmetz.fr\/index.php\/le-dojo\/","og_site_name":"Aikido CSAG Metz","article_publisher":"https:\/\/www.facebook.com\/aikidomontignylesmetz\/","article_modified_time":"2024-10-17T08:43:07+00:00","og_image":[{"width":1024,"height":680,"url":"https:\/\/aikido-montignylesmetz.fr\/wp-content\/uploads\/2024\/03\/ob_6f2599_kamiza-aikikai-hombu-dojo.jpg","type":"image\/jpeg"}],"twitter_card":"summary_large_image","twitter_misc":{"Dur\u00e9e de lecture estim\u00e9e":"4 minutes"},"schema":{"@context":"https:\/\/schema.org","@graph":[{"@type":["WebPage","AboutPage"],"@id":"https:\/\/aikido-montignylesmetz.fr\/index.php\/le-dojo\/","url":"https:\/\/aikido-montignylesmetz.fr\/index.php\/le-dojo\/","name":"Notre Dojo - Aikido CSAG Metz","isPartOf":{"@id":"https:\/\/aikido-montignylesmetz.fr\/#website"},"primaryImageOfPage":{"@id":"https:\/\/aikido-montignylesmetz.fr\/index.php\/le-dojo\/#primaryimage"},"image":{"@id":"https:\/\/aikido-montignylesmetz.fr\/index.php\/le-dojo\/#primaryimage"},"thumbnailUrl":"https:\/\/aikido-montignylesmetz.fr\/wp-content\/uploads\/2024\/03\/ob_6f2599_kamiza-aikikai-hombu-dojo.jpg","datePublished":"2024-03-17T17:35:35+00:00","dateModified":"2024-10-17T08:43:07+00:00","description":"Bienvenue dans notre club d'aikido \u00e0 Montigny-les-Metz (Moselle). Notre dojo est ouvert \u00e0 tous (civils et militaires), il se situe en terrain militaire (Caserne collin rue Franiatte).","breadcrumb":{"@id":"https:\/\/aikido-montignylesmetz.fr\/index.php\/le-dojo\/#breadcrumb"},"inLanguage":"fr-FR","potentialAction":[{"@type":"ReadAction","target":["https:\/\/aikido-montignylesmetz.fr\/index.php\/le-dojo\/"]}]},{"@type":"ImageObject","inLanguage":"fr-FR","@id":"https:\/\/aikido-montignylesmetz.fr\/index.php\/le-dojo\/#primaryimage","url":"https:\/\/aikido-montignylesmetz.fr\/wp-content\/uploads\/2024\/03\/ob_6f2599_kamiza-aikikai-hombu-dojo.jpg","contentUrl":"https:\/\/aikido-montignylesmetz.fr\/wp-content\/uploads\/2024\/03\/ob_6f2599_kamiza-aikikai-hombu-dojo.jpg","width":1024,"height":680},{"@type":"BreadcrumbList","@id":"https:\/\/aikido-montignylesmetz.fr\/index.php\/le-dojo\/#breadcrumb","itemListElement":[{"@type":"ListItem","position":1,"name":"Accueil","item":"https:\/\/aikido-montignylesmetz.fr\/"},{"@type":"ListItem","position":2,"name":"Notre Dojo"}]},{"@type":"WebSite","@id":"https:\/\/aikido-montignylesmetz.fr\/#website","url":"https:\/\/aikido-montignylesmetz.fr\/","name":"Aikido CSAG Metz (Montigny-les-Metz)","description":"Section Aikido et Armes Japonaises ouvert \u00e0 tous (civil et militaire) du CSAG Metz \u00e0 Montigny-les-Metz, situ\u00e9 au coeur de l&#039;agglom\u00e9ration messine.","publisher":{"@id":"https:\/\/aikido-montignylesmetz.fr\/#organization"},"potentialAction":[{"@type":"SearchAction","target":{"@type":"EntryPoint","urlTemplate":"https:\/\/aikido-montignylesmetz.fr\/?s={search_term_string}"},"query-input":{"@type":"PropertyValueSpecification","valueRequired":true,"valueName":"search_term_string"}}],"inLanguage":"fr-FR"},{"@type":"Organization","@id":"https:\/\/aikido-montignylesmetz.fr\/#organization","name":"Aikido CSAG Metz (Montigny-les-Metz)","url":"https:\/\/aikido-montignylesmetz.fr\/","logo":{"@type":"ImageObject","inLanguage":"fr-FR","@id":"https:\/\/aikido-montignylesmetz.fr\/#\/schema\/logo\/image\/","url":"https:\/\/aikido-montignylesmetz.fr\/wp-content\/uploads\/2024\/03\/cropped-csag.png","contentUrl":"https:\/\/aikido-montignylesmetz.fr\/wp-content\/uploads\/2024\/03\/cropped-csag.png","width":443,"height":529,"caption":"Aikido CSAG Metz (Montigny-les-Metz)"},"image":{"@id":"https:\/\/aikido-montignylesmetz.fr\/#\/schema\/logo\/image\/"},"sameAs":["https:\/\/www.facebook.com\/aikidomontignylesmetz\/","https:\/\/www.instagram.com\/aikido_philippetheis\/"]}]}},"_links":{"self":[{"href":"https:\/\/aikido-montignylesmetz.fr\/index.php\/wp-json\/wp\/v2\/pages\/164","targetHints":{"allow":["GET"]}}],"collection":[{"href":"https:\/\/aikido-montignylesmetz.fr\/index.php\/wp-json\/wp\/v2\/pages"}],"about":[{"href":"https:\/\/aikido-montignylesmetz.fr\/index.php\/wp-json\/wp\/v2\/types\/page"}],"author":[{"embeddable":true,"href":"https:\/\/aikido-montignylesmetz.fr\/index.php\/wp-json\/wp\/v2\/users\/1"}],"replies":[{"embeddable":true,"href":"https:\/\/aikido-montignylesmetz.fr\/index.php\/wp-json\/wp\/v2\/comments?post=164"}],"version-history":[{"count":31,"href":"https:\/\/aikido-montignylesmetz.fr\/index.php\/wp-json\/wp\/v2\/pages\/164\/revisions"}],"predecessor-version":[{"id":347,"href":"https:\/\/aikido-montignylesmetz.fr\/index.php\/wp-json\/wp\/v2\/pages\/164\/revisions\/347"}],"wp:featuredmedia":[{"embeddable":true,"href":"https:\/\/aikido-montignylesmetz.fr\/index.php\/wp-json\/wp\/v2\/media\/246"}],"wp:attachment":[{"href":"https:\/\/aikido-montignylesmetz.fr\/index.php\/wp-json\/wp\/v2\/media?parent=164"}],"curies":[{"name":"wp","href":"https:\/\/api.w.org\/{rel}","templated":true}]}}