{"id":167,"date":"2024-03-17T18:36:11","date_gmt":"2024-03-17T17:36:11","guid":{"rendered":"http:\/\/deckoda.cluster030.hosting.ovh.net\/?page_id=167"},"modified":"2024-10-17T10:26:24","modified_gmt":"2024-10-17T08:26:24","slug":"calendrier","status":"publish","type":"page","link":"https:\/\/aikido-montignylesmetz.fr\/index.php\/calendrier\/","title":{"rendered":"Calendrier"},"content":{"rendered":"<p>Tout au long de la saison nous organisons et participons \u00e0 plusieurs manifestations et stages d&#8217;a\u00efkido, voici le programme (en constante \u00e9volution):<\/p><figure class=\"wp-block-table is-style-stripes\"><table><tbody><tr><td><strong>OCTOBRE 2024<\/strong><\/td><td><em><strong>Intitul\u00e9<\/strong><\/em><\/td><td><em><strong>Lieu<\/strong><\/em><\/td><td><em><strong>Animateur<\/strong><\/em><\/td><td><em><strong>D\u00e9tails<\/strong><\/em><\/td><\/tr><tr><td>Vendredi 25\/10<\/td><td>Stage Armes<br><strong>Inscription obligatoire<\/strong><\/td><td>Montigny-les-Metz &#8211; 57<\/td><td>Philippe Theis<\/td><td><a href=\"https:\/\/stages-aikido.fr\/stage-aikido-philippe-theis-montigny-les-metz-vendredi-25-octobre-2024-670fad8b80099e044bd944f8\">D\u00e9tails et Affiche<\/a><\/td><\/tr><tr><td><strong>NOVEMBRE 2024<\/strong><\/td><td><em><strong>Intitul\u00e9<\/strong><\/em><\/td><td><em><strong>Lieu<\/strong><\/em><\/td><td><em><strong>Animateur<\/strong><\/em><\/td><td><em><strong>D\u00e9tails<\/strong><\/em><\/td><\/tr><tr><td>Mercredi 20\/11<\/td><td>Cours CID Lorraine n\u00b01<\/td><td>Abreschviller &#8211; 57<\/td><td>Philippe Theis<\/td><td><a href=\"https:\/\/stages-aikido.fr\/stage-aikido-philippe-theis-abreschviller-mercredi-20-novembre-2024-670fab8b80099e044bd93248\">D\u00e9tails et Affiche<\/a><\/td><\/tr><tr><td>Dimanche<br>24\/11<\/td><td>Stage Priv\u00e9<\/td><td>Blainville-sur-l&#8217;eau &#8211; 54<\/td><td>Philippe Theis<\/td><td><a href=\"https:\/\/stages-aikido.fr\/stage-aikido-philippe-theis-blainville-sur-leau-dimanche-24-novembre-2024-670faf5280099e044bd95034\">D\u00e9tails et Affiche<\/a><\/td><\/tr><tr><td><strong>DECEMBRE 2024<\/strong><\/td><td><em><strong>Intitul\u00e9<\/strong><\/em><\/td><td><em><strong>Lieu<\/strong><\/em><\/td><td><em><strong>Animateur<\/strong><\/em><\/td><td><em><strong>D\u00e9tails<\/strong><\/em><\/td><\/tr><tr><td>Vendredi 13\/11<\/td><td>Stage Priv\u00e9<br><strong>Inscription obligatoire<\/strong><\/td><td>Montigny-les-Metz &#8211; 57<\/td><td>Paul Matthis<\/td><td>D\u00e9tails et Affiche<\/td><\/tr><tr><td><strong>JANVIER<br>2025<\/strong><\/td><td><em><strong>Intitul\u00e9<\/strong><\/em><\/td><td><em><strong>Lieu<\/strong><\/em><\/td><td><em><strong>Animateur<\/strong><\/em><\/td><td><em><strong>D\u00e9tails<\/strong><\/em><\/td><\/tr><tr><td>Dimanche 12\/01<\/td><td>Stage Armes n\u00b02 (Aikijo) <br>CID Lorraine FFAAA<\/td><td>Metz &#8211; Ar\u00e8nes &#8211; 57<\/td><td>Philippe Theis<\/td><td><a href=\"https:\/\/stages-aikido.fr\/stage-aikido-philippe-theis-metz-dimanche-12-janvier-2025-670fab0d80099e044bd92f51\">D\u00e9tails et Affiche<\/a><\/td><\/tr><tr><td>Samedi<br>18\/01<\/td><td>Cours CID Lorraine n\u00b02<\/td><td>Florange &#8211; 57<\/td><td>Philippe Theis<\/td><td><a href=\"https:\/\/stages-aikido.fr\/stage-aikido-philippe-theis-florange-samedi-18-janvier-2025-670fabf780099e044bd93507\">D\u00e9tails et Affiche<\/a><\/td><\/tr><tr><td><strong>FEVRIER 2025<\/strong><\/td><td><em><strong>Intitul\u00e9<\/strong><\/em><\/td><td><em><strong>Lieu<\/strong><\/em><\/td><td><em><strong>Animateur<\/strong><\/em><\/td><td><em><strong>D\u00e9tails<\/strong><\/em><\/td><\/tr><tr><td>Dimanche 02\/03<\/td><td>Stage Priv\u00e9<\/td><td>Metz &#8211; Ar\u00e8nes &#8211; 57<\/td><td>Philippe Theis<\/td><td><a href=\"https:\/\/stages-aikido.fr\/stage-aikido-philippe-theis-metz-dimanche-2-mars-2025-670fafd580099e044bd95823\">D\u00e9tails et Affiche<\/a><\/td><\/tr><tr><td>Vendredi 21\/02<\/td><td>Stage Priv\u00e9<br><strong>Inscription obligatoire<\/strong><\/td><td>Montigny-les-Metz &#8211; 57<\/td><td>Philippe Theis<\/td><td><a href=\"https:\/\/stages-aikido.fr\/stage-aikido-philippe-theis-montigny-les-metz-vendredi-21-fevrier-2025-670fae2c80099e044bd947d1\">D\u00e9tails et Affiche<\/a><\/td><\/tr><tr><td><strong>MARS 2025<\/strong><\/td><td><em><strong>Intitul\u00e9<\/strong><\/em><\/td><td><em><strong>Lieu<\/strong><\/em><\/td><td><em><strong>Animateur<\/strong><\/em><\/td><td><em><strong><em><strong>D\u00e9tails<\/strong><\/em><\/strong><\/em><\/td><\/tr><tr><td>Dimanche 02\/03<\/td><td>Stage Priv\u00e9<\/td><td>Metz &#8211; Ar\u00e8nes &#8211; 57<\/td><td>Philippe Theis<\/td><td><a href=\"https:\/\/stages-aikido.fr\/stage-aikido-philippe-theis-metz-dimanche-2-mars-2025-670fafd580099e044bd95823\">D\u00e9tails et Affiche<\/a><\/td><\/tr><tr><td><strong>AVRIL 2025<\/strong><\/td><td><em><strong>Intitul\u00e9<\/strong><\/em><\/td><td><em><strong>Lieu<\/strong><\/em><\/td><td><em><strong>Animateur<\/strong><\/em><\/td><td><em><strong>D\u00e9tails<\/strong><\/em><\/td><\/tr><tr><td>Mardi<br>01\/04<\/td><td>Cours CID Lorraine n\u00b03<\/td><td>Haselbourg &#8211; 57<\/td><td>Philippe Theis<\/td><td><a href=\"https:\/\/stages-aikido.fr\/stage-aikido-philippe-theis-haselbourg-mardi-1-avril-2025-670fac6d80099e044bd939ad\">D\u00e9tails et Affiche<\/a><\/td><\/tr><tr><td>Vendredi 11\/04<\/td><td>Stage Priv\u00e9<\/td><td>Nancy &#8211; Gentillly &#8211; 54<\/td><td>Philippe Theis<\/td><td>D\u00e9tails et Affiche<\/td><\/tr><tr><td>Samedi  12\/04<\/td><td>Stage Priv\u00e9 Armes<\/td><td>Heillecourt &#8211; 54<\/td><td>Philippe Theis<\/td><td>D\u00e9tails et Affiche<\/td><\/tr><tr><td>Vendredi 18\/04<\/td><td>Stage Priv\u00e9 Armes<br><strong>Inscription obligatoire<\/strong><\/td><td>Montigny-les-Metz &#8211; 57<\/td><td>Philippe Theis<\/td><td><a href=\"https:\/\/stages-aikido.fr\/stage-aikido-philippe-theis-montigny-les-metz-vendredi-18-avril-2025-670faecb80099e044bd94a51\">D\u00e9tails et Affiche<\/a><\/td><\/tr><tr><td><strong>MAI 2025<\/strong><\/td><td><em><strong>Intitul\u00e9<\/strong><\/em><\/td><td><em><strong>Lieu<\/strong><\/em><\/td><td><em><strong>Animateur<\/strong><\/em><\/td><td><em><strong>D\u00e9tails<\/strong><\/em><\/td><\/tr><tr><td>Jeudi 01\/05<\/td><td>Stage D\u00e9partemental<\/td><td>Cornimont &#8211; 88<\/td><td>Philippe Theis<\/td><td><a href=\"https:\/\/stages-aikido.fr\/stage-aikido-philippe-theis-cornimont-jeudi-1-mai-2025-6710c2c180099e044bdd94b3\">D\u00e9tails et Affiche<\/a><\/td><\/tr><tr><td>Mercredi<br>29\/05<\/td><td>Cours CID Lorraine n\u00b04<\/td><td>Varang\u00e9ville &#8211; 54<\/td><td>Philippe Theis<\/td><td><a href=\"https:\/\/stages-aikido.fr\/stage-aikido-philippe-theis-varangeville-mercredi-28-mai-2025-670facd280099e044bd93d2c\">D\u00e9tails et Affiche<\/a><\/td><\/tr><tr><td><strong>JUIN 2025<\/strong><\/td><td><em><strong>Intitul\u00e9<\/strong><\/em><\/td><td><em><strong>Lieu<\/strong><\/em><\/td><td><em><strong>Animateur<\/strong><\/em><\/td><td><em><strong>D\u00e9tails<\/strong><\/em><\/td><\/tr><tr><td><strong>Pentec\u00f4te<\/strong><br>07-09\/06<\/td><td>Stage D\u00e9partemental Interf\u00e9d\u00e9ral<br><strong>Inscription obligatoire pour la pension compl\u00e8te avant le \u00e0 d\u00e9finir<\/strong><\/td><td>Vittel<\/td><td>Philippe Theis, Raphael Estrampes, \u00e0 d\u00e9finir<\/td><td>D\u00e9tails et Affiche<\/td><\/tr><tr><td><strong>JUILLET 2025<\/strong><\/td><td><em><strong>Intitul\u00e9<\/strong><\/em><\/td><td><em><strong>Lieu<\/strong><\/em><\/td><td><em><strong>Animateur<\/strong><\/em><\/td><td><em><strong>D\u00e9tails<\/strong><\/em><\/td><\/tr><tr><td><strong>AOUT 2025<\/strong><\/td><td><em><strong>Intitul\u00e9<\/strong><\/em><\/td><td><em><strong>Lieu<\/strong><\/em><\/td><td><em><strong>Animateur<\/strong><\/em><\/td><td><em><strong>D\u00e9tails<\/strong><\/em><\/td><\/tr><\/tbody><\/table><\/figure><div class=\"wp-block-group\"><div class=\"wp-block-group__inner-container is-layout-constrained wp-block-group-is-layout-constrained\"><\/div><\/div>","protected":false},"excerpt":{"rendered":"<p>Tout au long de la saison nous organisons et participons \u00e0 plusieurs manifestations et stages d&#8217;a\u00efkido, voici le programme (en constante \u00e9volution): OCTOBRE 2024 Intitul\u00e9 Lieu Animateur D\u00e9tails Vendredi 25\/10 Stage ArmesInscription obligatoire Montigny-les-Metz &#8211; 57 Philippe Theis D\u00e9tails et Affiche NOVEMBRE 2024 Intitul\u00e9 Lieu Animateur D\u00e9tails Mercredi 20\/11 Cours [&hellip;]<\/p>\n","protected":false},"author":1,"featured_media":23,"parent":0,"menu_order":0,"comment_status":"closed","ping_status":"closed","template":"","meta":{"om_disable_all_campaigns":false,"_monsterinsights_skip_tracking":false,"_monsterinsights_sitenote_active":false,"_monsterinsights_sitenote_note":"","_monsterinsights_sitenote_category":0,"_uf_show_specific_survey":0,"_uf_disable_surveys":false,"footnotes":""},"class_list":["post-167","page","type-page","status-publish","has-post-thumbnail","hentry"],"yoast_head":"<!-- This site is optimized with the Yoast SEO plugin v23.6 - https:\/\/yoast.com\/wordpress\/plugins\/seo\/ -->\n<title>Calendrier - Aikido CSAG Metz<\/title>\n<meta name=\"description\" content=\"D\u00e9couvrez notre calendrier de la saison ainsi que les stages d&#039;aikido accueillis au dojo ou anim\u00e9s par notre enseignant Philippe Theis.\" \/>\n<meta name=\"robots\" content=\"index, follow, max-snippet:-1, max-image-preview:large, max-video-preview:-1\" \/>\n<link rel=\"canonical\" href=\"https:\/\/aikido-montignylesmetz.fr\/index.php\/calendrier\/\" \/>\n<meta property=\"og:locale\" content=\"fr_FR\" \/>\n<meta property=\"og:type\" content=\"article\" \/>\n<meta property=\"og:title\" content=\"Calendrier - Aikido CSAG Metz\" \/>\n<meta property=\"og:description\" content=\"D\u00e9couvrez notre calendrier de la saison ainsi que les stages d&#039;aikido accueillis au dojo ou anim\u00e9s par notre enseignant Philippe Theis.\" \/>\n<meta property=\"og:url\" content=\"https:\/\/aikido-montignylesmetz.fr\/index.php\/calendrier\/\" \/>\n<meta property=\"og:site_name\" content=\"Aikido CSAG Metz\" \/>\n<meta property=\"article:publisher\" content=\"https:\/\/www.facebook.com\/aikidomontignylesmetz\/\" \/>\n<meta property=\"article:modified_time\" content=\"2024-10-17T08:26:24+00:00\" \/>\n<meta property=\"og:image\" content=\"https:\/\/aikido-montignylesmetz.fr\/wp-content\/uploads\/2024\/03\/KB-03022024-FFAAA-257-scaled.jpg\" \/>\n\t<meta property=\"og:image:width\" content=\"2560\" \/>\n\t<meta property=\"og:image:height\" content=\"1707\" \/>\n\t<meta property=\"og:image:type\" content=\"image\/jpeg\" \/>\n<meta name=\"twitter:card\" content=\"summary_large_image\" \/>\n<meta name=\"twitter:label1\" content=\"Dur\u00e9e de lecture estim\u00e9e\" \/>\n\t<meta name=\"twitter:data1\" content=\"2 minutes\" \/>\n<script type=\"application\/ld+json\" class=\"yoast-schema-graph\">{\"@context\":\"https:\/\/schema.org\",\"@graph\":[{\"@type\":\"WebPage\",\"@id\":\"https:\/\/aikido-montignylesmetz.fr\/index.php\/calendrier\/\",\"url\":\"https:\/\/aikido-montignylesmetz.fr\/index.php\/calendrier\/\",\"name\":\"Calendrier - Aikido CSAG Metz\",\"isPartOf\":{\"@id\":\"https:\/\/aikido-montignylesmetz.fr\/#website\"},\"primaryImageOfPage\":{\"@id\":\"https:\/\/aikido-montignylesmetz.fr\/index.php\/calendrier\/#primaryimage\"},\"image\":{\"@id\":\"https:\/\/aikido-montignylesmetz.fr\/index.php\/calendrier\/#primaryimage\"},\"thumbnailUrl\":\"https:\/\/aikido-montignylesmetz.fr\/wp-content\/uploads\/2024\/03\/KB-03022024-FFAAA-257-scaled.jpg\",\"datePublished\":\"2024-03-17T17:36:11+00:00\",\"dateModified\":\"2024-10-17T08:26:24+00:00\",\"description\":\"D\u00e9couvrez notre calendrier de la saison ainsi que les stages d'aikido accueillis au dojo ou anim\u00e9s par notre enseignant Philippe Theis.\",\"breadcrumb\":{\"@id\":\"https:\/\/aikido-montignylesmetz.fr\/index.php\/calendrier\/#breadcrumb\"},\"inLanguage\":\"fr-FR\",\"potentialAction\":[{\"@type\":\"ReadAction\",\"target\":[\"https:\/\/aikido-montignylesmetz.fr\/index.php\/calendrier\/\"]}]},{\"@type\":\"ImageObject\",\"inLanguage\":\"fr-FR\",\"@id\":\"https:\/\/aikido-montignylesmetz.fr\/index.php\/calendrier\/#primaryimage\",\"url\":\"https:\/\/aikido-montignylesmetz.fr\/wp-content\/uploads\/2024\/03\/KB-03022024-FFAAA-257-scaled.jpg\",\"contentUrl\":\"https:\/\/aikido-montignylesmetz.fr\/wp-content\/uploads\/2024\/03\/KB-03022024-FFAAA-257-scaled.jpg\",\"width\":2560,\"height\":1707},{\"@type\":\"BreadcrumbList\",\"@id\":\"https:\/\/aikido-montignylesmetz.fr\/index.php\/calendrier\/#breadcrumb\",\"itemListElement\":[{\"@type\":\"ListItem\",\"position\":1,\"name\":\"Accueil\",\"item\":\"https:\/\/aikido-montignylesmetz.fr\/\"},{\"@type\":\"ListItem\",\"position\":2,\"name\":\"Calendrier\"}]},{\"@type\":\"WebSite\",\"@id\":\"https:\/\/aikido-montignylesmetz.fr\/#website\",\"url\":\"https:\/\/aikido-montignylesmetz.fr\/\",\"name\":\"Aikido CSAG Metz (Montigny-les-Metz)\",\"description\":\"Section Aikido et Armes Japonaises ouvert \u00e0 tous (civil et militaire) du CSAG Metz \u00e0 Montigny-les-Metz, situ\u00e9 au coeur de l&#039;agglom\u00e9ration messine.\",\"publisher\":{\"@id\":\"https:\/\/aikido-montignylesmetz.fr\/#organization\"},\"potentialAction\":[{\"@type\":\"SearchAction\",\"target\":{\"@type\":\"EntryPoint\",\"urlTemplate\":\"https:\/\/aikido-montignylesmetz.fr\/?s={search_term_string}\"},\"query-input\":{\"@type\":\"PropertyValueSpecification\",\"valueRequired\":true,\"valueName\":\"search_term_string\"}}],\"inLanguage\":\"fr-FR\"},{\"@type\":\"Organization\",\"@id\":\"https:\/\/aikido-montignylesmetz.fr\/#organization\",\"name\":\"Aikido CSAG Metz (Montigny-les-Metz)\",\"url\":\"https:\/\/aikido-montignylesmetz.fr\/\",\"logo\":{\"@type\":\"ImageObject\",\"inLanguage\":\"fr-FR\",\"@id\":\"https:\/\/aikido-montignylesmetz.fr\/#\/schema\/logo\/image\/\",\"url\":\"https:\/\/aikido-montignylesmetz.fr\/wp-content\/uploads\/2024\/03\/cropped-csag.png\",\"contentUrl\":\"https:\/\/aikido-montignylesmetz.fr\/wp-content\/uploads\/2024\/03\/cropped-csag.png\",\"width\":443,\"height\":529,\"caption\":\"Aikido CSAG Metz (Montigny-les-Metz)\"},\"image\":{\"@id\":\"https:\/\/aikido-montignylesmetz.fr\/#\/schema\/logo\/image\/\"},\"sameAs\":[\"https:\/\/www.facebook.com\/aikidomontignylesmetz\/\",\"https:\/\/www.instagram.com\/aikido_philippetheis\/\"]}]}<\/script>\n<!-- \/ Yoast SEO plugin. -->","yoast_head_json":{"title":"Calendrier - Aikido CSAG Metz","description":"D\u00e9couvrez notre calendrier de la saison ainsi que les stages d'aikido accueillis au dojo ou anim\u00e9s par notre enseignant Philippe Theis.","robots":{"index":"index","follow":"follow","max-snippet":"max-snippet:-1","max-image-preview":"max-image-preview:large","max-video-preview":"max-video-preview:-1"},"canonical":"https:\/\/aikido-montignylesmetz.fr\/index.php\/calendrier\/","og_locale":"fr_FR","og_type":"article","og_title":"Calendrier - Aikido CSAG Metz","og_description":"D\u00e9couvrez notre calendrier de la saison ainsi que les stages d'aikido accueillis au dojo ou anim\u00e9s par notre enseignant Philippe Theis.","og_url":"https:\/\/aikido-montignylesmetz.fr\/index.php\/calendrier\/","og_site_name":"Aikido CSAG Metz","article_publisher":"https:\/\/www.facebook.com\/aikidomontignylesmetz\/","article_modified_time":"2024-10-17T08:26:24+00:00","og_image":[{"width":2560,"height":1707,"url":"https:\/\/aikido-montignylesmetz.fr\/wp-content\/uploads\/2024\/03\/KB-03022024-FFAAA-257-scaled.jpg","type":"image\/jpeg"}],"twitter_card":"summary_large_image","twitter_misc":{"Dur\u00e9e de lecture estim\u00e9e":"2 minutes"},"schema":{"@context":"https:\/\/schema.org","@graph":[{"@type":"WebPage","@id":"https:\/\/aikido-montignylesmetz.fr\/index.php\/calendrier\/","url":"https:\/\/aikido-montignylesmetz.fr\/index.php\/calendrier\/","name":"Calendrier - Aikido CSAG Metz","isPartOf":{"@id":"https:\/\/aikido-montignylesmetz.fr\/#website"},"primaryImageOfPage":{"@id":"https:\/\/aikido-montignylesmetz.fr\/index.php\/calendrier\/#primaryimage"},"image":{"@id":"https:\/\/aikido-montignylesmetz.fr\/index.php\/calendrier\/#primaryimage"},"thumbnailUrl":"https:\/\/aikido-montignylesmetz.fr\/wp-content\/uploads\/2024\/03\/KB-03022024-FFAAA-257-scaled.jpg","datePublished":"2024-03-17T17:36:11+00:00","dateModified":"2024-10-17T08:26:24+00:00","description":"D\u00e9couvrez notre calendrier de la saison ainsi que les stages d'aikido accueillis au dojo ou anim\u00e9s par notre enseignant Philippe Theis.","breadcrumb":{"@id":"https:\/\/aikido-montignylesmetz.fr\/index.php\/calendrier\/#breadcrumb"},"inLanguage":"fr-FR","potentialAction":[{"@type":"ReadAction","target":["https:\/\/aikido-montignylesmetz.fr\/index.php\/calendrier\/"]}]},{"@type":"ImageObject","inLanguage":"fr-FR","@id":"https:\/\/aikido-montignylesmetz.fr\/index.php\/calendrier\/#primaryimage","url":"https:\/\/aikido-montignylesmetz.fr\/wp-content\/uploads\/2024\/03\/KB-03022024-FFAAA-257-scaled.jpg","contentUrl":"https:\/\/aikido-montignylesmetz.fr\/wp-content\/uploads\/2024\/03\/KB-03022024-FFAAA-257-scaled.jpg","width":2560,"height":1707},{"@type":"BreadcrumbList","@id":"https:\/\/aikido-montignylesmetz.fr\/index.php\/calendrier\/#breadcrumb","itemListElement":[{"@type":"ListItem","position":1,"name":"Accueil","item":"https:\/\/aikido-montignylesmetz.fr\/"},{"@type":"ListItem","position":2,"name":"Calendrier"}]},{"@type":"WebSite","@id":"https:\/\/aikido-montignylesmetz.fr\/#website","url":"https:\/\/aikido-montignylesmetz.fr\/","name":"Aikido CSAG Metz (Montigny-les-Metz)","description":"Section Aikido et Armes Japonaises ouvert \u00e0 tous (civil et militaire) du CSAG Metz \u00e0 Montigny-les-Metz, situ\u00e9 au coeur de l&#039;agglom\u00e9ration messine.","publisher":{"@id":"https:\/\/aikido-montignylesmetz.fr\/#organization"},"potentialAction":[{"@type":"SearchAction","target":{"@type":"EntryPoint","urlTemplate":"https:\/\/aikido-montignylesmetz.fr\/?s={search_term_string}"},"query-input":{"@type":"PropertyValueSpecification","valueRequired":true,"valueName":"search_term_string"}}],"inLanguage":"fr-FR"},{"@type":"Organization","@id":"https:\/\/aikido-montignylesmetz.fr\/#organization","name":"Aikido CSAG Metz (Montigny-les-Metz)","url":"https:\/\/aikido-montignylesmetz.fr\/","logo":{"@type":"ImageObject","inLanguage":"fr-FR","@id":"https:\/\/aikido-montignylesmetz.fr\/#\/schema\/logo\/image\/","url":"https:\/\/aikido-montignylesmetz.fr\/wp-content\/uploads\/2024\/03\/cropped-csag.png","contentUrl":"https:\/\/aikido-montignylesmetz.fr\/wp-content\/uploads\/2024\/03\/cropped-csag.png","width":443,"height":529,"caption":"Aikido CSAG Metz (Montigny-les-Metz)"},"image":{"@id":"https:\/\/aikido-montignylesmetz.fr\/#\/schema\/logo\/image\/"},"sameAs":["https:\/\/www.facebook.com\/aikidomontignylesmetz\/","https:\/\/www.instagram.com\/aikido_philippetheis\/"]}]}},"_links":{"self":[{"href":"https:\/\/aikido-montignylesmetz.fr\/index.php\/wp-json\/wp\/v2\/pages\/167","targetHints":{"allow":["GET"]}}],"collection":[{"href":"https:\/\/aikido-montignylesmetz.fr\/index.php\/wp-json\/wp\/v2\/pages"}],"about":[{"href":"https:\/\/aikido-montignylesmetz.fr\/index.php\/wp-json\/wp\/v2\/types\/page"}],"author":[{"embeddable":true,"href":"https:\/\/aikido-montignylesmetz.fr\/index.php\/wp-json\/wp\/v2\/users\/1"}],"replies":[{"embeddable":true,"href":"https:\/\/aikido-montignylesmetz.fr\/index.php\/wp-json\/wp\/v2\/comments?post=167"}],"version-history":[{"count":19,"href":"https:\/\/aikido-montignylesmetz.fr\/index.php\/wp-json\/wp\/v2\/pages\/167\/revisions"}],"predecessor-version":[{"id":339,"href":"https:\/\/aikido-montignylesmetz.fr\/index.php\/wp-json\/wp\/v2\/pages\/167\/revisions\/339"}],"wp:featuredmedia":[{"embeddable":true,"href":"https:\/\/aikido-montignylesmetz.fr\/index.php\/wp-json\/wp\/v2\/media\/23"}],"wp:attachment":[{"href":"https:\/\/aikido-montignylesmetz.fr\/index.php\/wp-json\/wp\/v2\/media?parent=167"}],"curies":[{"name":"wp","href":"https:\/\/api.w.org\/{rel}","templated":true}]}}